{"id":51,"date":"2019-10-09T07:23:28","date_gmt":"2019-10-09T07:23:28","guid":{"rendered":"https:\/\/eigenmann.ch\/?page_id=51"},"modified":"2025-11-10T14:09:44","modified_gmt":"2025-11-10T14:09:44","slug":"ein-startseiten-abschnitt","status":"publish","type":"page","link":"https:\/\/eigenmann.ch\/?page_id=51","title":{"rendered":"\u00dcber uns"},"content":{"rendered":"\t\t<div data-elementor-type=\"wp-page\" data-elementor-id=\"51\" class=\"elementor elementor-51\">\n\t\t\t\t\t\t<section class=\"elementor-section elementor-top-section elementor-element elementor-element-651f3778 elementor-section-boxed elementor-section-height-default elementor-section-height-default\" data-id=\"651f3778\" data-element_type=\"section\" data-e-type=\"section\">\n\t\t\t\t\t\t<div class=\"elementor-container elementor-column-gap-default\">\n\t\t\t\t\t<div class=\"elementor-column elementor-col-100 elementor-top-column elementor-element elementor-element-2c3e143a\" data-id=\"2c3e143a\" data-element_type=\"column\" data-e-type=\"column\">\n\t\t\t<div class=\"elementor-widget-wrap elementor-element-populated\">\n\t\t\t\t\t\t<div class=\"elementor-element elementor-element-6496b9a4 elementor-widget elementor-widget-text-editor\" data-id=\"6496b9a4\" data-element_type=\"widget\" data-e-type=\"widget\" data-widget_type=\"text-editor.default\">\n\t\t\t\t<div class=\"elementor-widget-container\">\n\t\t\t\t\t\t\t\t\t<p><strong>Geschichte<\/strong><\/p>\n<p><span style=\"font-size: 14px;\">Seit der Gr\u00fcndung im Jahr <b>1923 <\/b>durch <b>Karl Eigenmann<\/b> steht unser Unternehmen f\u00fcr Qualit\u00e4t, Zuverl\u00e4ssigkeit und Leidenschaft f\u00fcr Elektrotechnik. <b>1967 <\/b>wurde die Firma in eine Aktiengesellschaft umgewandelt und von der zweiten Generation erfolgreich weiterentwickelt.<\/span><\/p>\n<p><b>2007 <\/b>\u00fcbernahm <b>Markus Eigenmann<\/b> die Leitung und f\u00fchrte den Betrieb mit Weitblick in die Moderne. Seit dem <b>1. Januar 2023<\/b> liegt die Mehrheit bei <b>Patric Schmid<\/b>, der mit neuen Ideen und viel Engagement die Erfolgsgeschichte weiterschreibt.<\/p>\n<p>Was sich in all den Jahren nie ver\u00e4ndert hat: Unser Anspruch, unseren Kundinnen und Kunden erstklassige Arbeit, pers\u00f6nliche Beratung und echte Partnerschaft zu bieten. Getragen wird dieses Versprechen von einem motivierten Team, das jeden Tag mit Freude und Fachwissen am Werk ist.<\/p>\n<p><\/p>\n<p><\/p>\n<p><\/p>\t\t\t\t\t\t\t\t<\/div>\n\t\t\t\t<\/div>\n\t\t\t\t\t<\/div>\n\t\t<\/div>\n\t\t\t\t\t<\/div>\n\t\t<\/section>\n\t\t\t\t<\/div>\n\t\t","protected":false},"excerpt":{"rendered":"<p>Geschichte Seit der Gr\u00fcndung im Jahr 1923 durch Karl Eigenmann steht unser Unternehmen f\u00fcr Qualit\u00e4t, Zuverl\u00e4ssigkeit und Leidenschaft f\u00fcr Elektrotechnik. 1967 wurde die Firma in eine Aktiengesellschaft umgewandelt und von der zweiten Generation erfolgreich weiterentwickelt. 2007 \u00fcbernahm Markus Eigenmann die Leitung und f\u00fchrte den Betrieb mit Weitblick in die Moderne. Seit dem 1. Januar 2023 [&hellip;]<\/p>\n","protected":false},"author":1,"featured_media":44,"parent":0,"menu_order":0,"comment_status":"closed","ping_status":"closed","template":"","meta":{"ocean_post_layout":"","ocean_both_sidebars_style":"","ocean_both_sidebars_content_width":0,"ocean_both_sidebars_sidebars_width":0,"ocean_sidebar":"0","ocean_second_sidebar":"0","ocean_disable_margins":"enable","ocean_add_body_class":"","ocean_shortcode_before_top_bar":"","ocean_shortcode_after_top_bar":"","ocean_shortcode_before_header":"","ocean_shortcode_after_header":"","ocean_has_shortcode":"","ocean_shortcode_after_title":"","ocean_shortcode_before_footer_widgets":"","ocean_shortcode_after_footer_widgets":"","ocean_shortcode_before_footer_bottom":"","ocean_shortcode_after_footer_bottom":"","ocean_display_top_bar":"default","ocean_display_header":"default","ocean_header_style":"","ocean_center_header_left_menu":"0","ocean_custom_header_template":"0","ocean_custom_logo":0,"ocean_custom_retina_logo":0,"ocean_custom_logo_max_width":0,"ocean_custom_logo_tablet_max_width":0,"ocean_custom_logo_mobile_max_width":0,"ocean_custom_logo_max_height":0,"ocean_custom_logo_tablet_max_height":0,"ocean_custom_logo_mobile_max_height":0,"ocean_header_custom_menu":"0","ocean_menu_typo_font_family":"0","ocean_menu_typo_font_subset":"","ocean_menu_typo_font_size":0,"ocean_menu_typo_font_size_tablet":0,"ocean_menu_typo_font_size_mobile":0,"ocean_menu_typo_font_size_unit":"px","ocean_menu_typo_font_weight":"","ocean_menu_typo_font_weight_tablet":"","ocean_menu_typo_font_weight_mobile":"","ocean_menu_typo_transform":"","ocean_menu_typo_transform_tablet":"","ocean_menu_typo_transform_mobile":"","ocean_menu_typo_line_height":0,"ocean_menu_typo_line_height_tablet":0,"ocean_menu_typo_line_height_mobile":0,"ocean_menu_typo_line_height_unit":"","ocean_menu_typo_spacing":0,"ocean_menu_typo_spacing_tablet":0,"ocean_menu_typo_spacing_mobile":0,"ocean_menu_typo_spacing_unit":"","ocean_menu_link_color":"","ocean_menu_link_color_hover":"","ocean_menu_link_color_active":"","ocean_menu_link_background":"","ocean_menu_link_hover_background":"","ocean_menu_link_active_background":"","ocean_menu_social_links_bg":"","ocean_menu_social_hover_links_bg":"","ocean_menu_social_links_color":"","ocean_menu_social_hover_links_color":"","ocean_disable_title":"default","ocean_disable_heading":"default","ocean_post_title":"","ocean_post_subheading":"","ocean_post_title_style":"","ocean_post_title_background_color":"","ocean_post_title_background":0,"ocean_post_title_bg_image_position":"","ocean_post_title_bg_image_attachment":"","ocean_post_title_bg_image_repeat":"","ocean_post_title_bg_image_size":"","ocean_post_title_height":0,"ocean_post_title_bg_overlay":0.5,"ocean_post_title_bg_overlay_color":"","ocean_disable_breadcrumbs":"default","ocean_breadcrumbs_color":"","ocean_breadcrumbs_separator_color":"","ocean_breadcrumbs_links_color":"","ocean_breadcrumbs_links_hover_color":"","ocean_display_footer_widgets":"default","ocean_display_footer_bottom":"default","ocean_custom_footer_template":"0","footnotes":""},"class_list":["post-51","page","type-page","status-publish","has-post-thumbnail","hentry","entry","has-media"],"_links":{"self":[{"href":"https:\/\/eigenmann.ch\/index.php?rest_route=\/wp\/v2\/pages\/51","targetHints":{"allow":["GET"]}}],"collection":[{"href":"https:\/\/eigenmann.ch\/index.php?rest_route=\/wp\/v2\/pages"}],"about":[{"href":"https:\/\/eigenmann.ch\/index.php?rest_route=\/wp\/v2\/types\/page"}],"author":[{"embeddable":true,"href":"https:\/\/eigenmann.ch\/index.php?rest_route=\/wp\/v2\/users\/1"}],"replies":[{"embeddable":true,"href":"https:\/\/eigenmann.ch\/index.php?rest_route=%2Fwp%2Fv2%2Fcomments&post=51"}],"version-history":[{"count":30,"href":"https:\/\/eigenmann.ch\/index.php?rest_route=\/wp\/v2\/pages\/51\/revisions"}],"predecessor-version":[{"id":1204,"href":"https:\/\/eigenmann.ch\/index.php?rest_route=\/wp\/v2\/pages\/51\/revisions\/1204"}],"wp:featuredmedia":[{"embeddable":true,"href":"https:\/\/eigenmann.ch\/index.php?rest_route=\/wp\/v2\/media\/44"}],"wp:attachment":[{"href":"https:\/\/eigenmann.ch\/index.php?rest_route=%2Fwp%2Fv2%2Fmedia&parent=51"}],"curies":[{"name":"wp","href":"https:\/\/api.w.org\/{rel}","templated":true}]}}