{"id":118,"date":"2019-10-09T11:04:39","date_gmt":"2019-10-09T11:04:39","guid":{"rendered":"https:\/\/eigenmann.ch\/?page_id=118"},"modified":"2026-03-06T14:10:02","modified_gmt":"2026-03-06T14:10:02","slug":"offene-stellen","status":"publish","type":"page","link":"https:\/\/eigenmann.ch\/?page_id=118","title":{"rendered":"Offene Stellen"},"content":{"rendered":"\t\t<div data-elementor-type=\"wp-page\" data-elementor-id=\"118\" class=\"elementor elementor-118\">\n\t\t\t\t\t\t<section class=\"elementor-section elementor-top-section elementor-element elementor-element-6be85ca elementor-section-boxed elementor-section-height-default elementor-section-height-default\" data-id=\"6be85ca\" data-element_type=\"section\" data-e-type=\"section\">\n\t\t\t\t\t\t<div class=\"elementor-container elementor-column-gap-default\">\n\t\t\t\t\t<div class=\"elementor-column elementor-col-100 elementor-top-column elementor-element elementor-element-17924c3d\" data-id=\"17924c3d\" data-element_type=\"column\" data-e-type=\"column\">\n\t\t\t<div class=\"elementor-widget-wrap elementor-element-populated\">\n\t\t\t\t\t\t<div class=\"elementor-element elementor-element-42d47496 elementor-widget elementor-widget-text-editor\" data-id=\"42d47496\" data-element_type=\"widget\" data-e-type=\"widget\" data-widget_type=\"text-editor.default\">\n\t\t\t\t<div class=\"elementor-widget-container\">\n\t\t\t\t\t\t\t\t\t<p><strong>Offene Stellen<\/strong><\/p>\n<p><!-- \/wp:paragraph --><!-- wp:paragraph --><\/p>\n<p>Sie sind auf der Suche nach einer neuen Herausforderung?<br \/>Wir freuen uns \u00fcber Ihre Bewerbung oder Ihren Anruf<\/p>\n<p><!-- \/wp:paragraph --><\/p>\t\t\t\t\t\t\t\t<\/div>\n\t\t\t\t<\/div>\n\t\t\t\t<div class=\"elementor-element elementor-element-da9178c elementor-widget elementor-widget-spacer\" data-id=\"da9178c\" data-element_type=\"widget\" data-e-type=\"widget\" data-widget_type=\"spacer.default\">\n\t\t\t\t<div class=\"elementor-widget-container\">\n\t\t\t\t\t\t\t<div class=\"elementor-spacer\">\n\t\t\t<div class=\"elementor-spacer-inner\"><\/div>\n\t\t<\/div>\n\t\t\t\t\t\t<\/div>\n\t\t\t\t<\/div>\n\t\t\t\t<div class=\"elementor-element elementor-element-0750645 elementor-widget elementor-widget-text-editor\" data-id=\"0750645\" data-element_type=\"widget\" data-e-type=\"widget\" data-widget_type=\"text-editor.default\">\n\t\t\t\t<div class=\"elementor-widget-container\">\n\t\t\t\t\t\t\t\t\t<h2><strong>Elektroinstallateur*in EFZ (80%-100%) \u2013 Werde Teil der Karl Eigenmann AG<br \/>in Gossau SG<\/strong><\/h2>\n<p>Du packst gerne an, arbeitest sorgf\u00e4ltig und suchst ein Umfeld, in dem man deine Arbeit wirklich sch\u00e4tzt? Dann bist du bei uns richtig. Bei uns findest du abwechslungsreiche Arbeit, viel Raum f\u00fcr eigene Ideen und die M\u00f6glichkeit, selbstst\u00e4ndig zu arbeiten.<\/p>\n<h4><strong>Deine Aufgaben<\/strong><\/h4>\n<ul>\n<li>Vielseitige Installationen in Neu- und Umbauten<\/li>\n<li>Service- und Reparaturarbeiten<\/li>\n<li>Unterhalt, St\u00f6rungssuche und kleinere Umbauten<\/li>\n<li>Direkter Kontakt mit unseren Kund*innen<\/li>\n<\/ul>\n<h4><strong>Das bringst du mit<\/strong><\/h4>\n<ul>\n<li>Ausbildung als <strong>Elektroinstallateur*in EFZ<\/strong><\/li>\n<li>Selbstst\u00e4ndige, zuverl\u00e4ssige Arbeitsweise<\/li>\n<li>Freundliches Auftreten<\/li>\n<li><strong>F\u00fchrerausweis Kat. B<\/strong><\/li>\n<\/ul>\n<h4><strong>Interessiert?<\/strong><\/h4>\n<p>Dann freuen wir uns auf deine vollst\u00e4ndigen Bewerbungsunterlagen! Sende dein Motivationsschreiben, deinen Lebenslauf, Diplome und Zeugnisse an info@eigenmann.ch. Wir freuen uns auf eine spannende Zusammenarbeit!<\/p>\t\t\t\t\t\t\t\t<\/div>\n\t\t\t\t<\/div>\n\t\t\t\t<div class=\"elementor-element elementor-element-002ea5a elementor-widget elementor-widget-spacer\" data-id=\"002ea5a\" data-element_type=\"widget\" data-e-type=\"widget\" data-widget_type=\"spacer.default\">\n\t\t\t\t<div class=\"elementor-widget-container\">\n\t\t\t\t\t\t\t<div class=\"elementor-spacer\">\n\t\t\t<div class=\"elementor-spacer-inner\"><\/div>\n\t\t<\/div>\n\t\t\t\t\t\t<\/div>\n\t\t\t\t<\/div>\n\t\t\t\t<div class=\"elementor-element elementor-element-653c1c1 elementor-widget__width-initial elementor-widget elementor-widget-text-editor\" data-id=\"653c1c1\" data-element_type=\"widget\" data-e-type=\"widget\" data-widget_type=\"text-editor.default\">\n\t\t\t\t<div class=\"elementor-widget-container\">\n\t\t\t\t\t\t\t\t\t<h2><strong>Projektleiter*in Steuerungs- und Schaltanlagenbau<\/strong><\/h2>\n<h4><strong>Deine Aufgaben<\/strong><\/h4>\n<ul>\n<li><strong>Kundenbetreuung:<\/strong> Du nimmst die Anforderungen direkt vor Ort bei unseren Kunden auf, ber\u00e4tst sie und begleitest sie durch das gesamte Projekt.<\/li>\n<li><strong>Erstellen von Offerten &amp; Submissionen:<\/strong> Du erstellst pr\u00e4zise Angebote und bearbeitest Submissionen mit dem Tool Messerli Informatik.<\/li>\n<li><strong>F\u00fchrung:<\/strong> Du leitest die Werkstatt f\u00fcr Schaltanlagen- und Steuerungsbau und bist aktiv in die Projektdurchf\u00fchrung eingebunden.<\/li>\n<li><strong>Auftragsabwicklung:<\/strong> Du \u00fcbernimmst die Verantwortung f\u00fcr die Lagerbewirtschaftung, Materialbeschaffung, Termin- und Fertigungsplanung sowie Lieferung. Du sorgst daf\u00fcr, dass die Fertigung schnell und qualitativ einwandfrei erfolgt.<\/li>\n<li><strong>Kontrollt\u00e4tigkeiten:<\/strong> Du f\u00fchrst Schlusspr\u00fcfungen an Schaltanlagen durch und k\u00fcmmerst dich um Finanz- und Zeitkontrollen. Nachkalkulationen geh\u00f6ren ebenfalls zu deinem Aufgabenbereich.<\/li>\n<\/ul>\n<h4><strong>Dein Profil<\/strong><\/h4>\n<ul>\n<li><strong>Ausbildung:<\/strong> Du hast eine Ausbildung als Meister*in im Bereich Schaltanlagen und Automatik (HFP) oder eine \u00e4hnliche technische Ausbildung und bringst Erfahrung im Steuerungs- und Schaltanlagenbau mit.<\/li>\n<li><strong>Berufserfahrung:<\/strong> Du denkst betriebswirtschaftlich, arbeitest pr\u00e4zise, innovativ und selbst\u00e4ndig. Erfahrungen im Steuerungsbau und in der Industrieautomation sind von Vorteil.<\/li>\n<li><strong>Organisationstalent:<\/strong> Du bist ein Organisationstalent und hast Spa\u00df daran, zu planen und zu strukturieren. Im Kontakt mit Kunden und Kollegen kommunizierst du sicher in deutscher Sprache.<\/li>\n<li><strong>Weitere Anforderungen:<\/strong> Du hast eine verkn\u00fcpfte, projekt\u00fcbergreifende Denkweise und besitzt einen F\u00fchrerausweis der Kategorie B.<\/li>\n<\/ul>\n<h4><strong>Deine Perspektive<\/strong><\/h4>\n<p>In dieser verantwortungsvollen F\u00fchrungsfunktion erwartet dich eine abwechslungsreiche und spannende T\u00e4tigkeit in einem innovativen Umfeld. Zudem bieten wir dir fortschrittliche Sozial- und Zusatzleistungen, wie zum Beispiel einen kostenlosen Parkplatz, zwei gro\u00dfe Bildschirme, einen h\u00f6henverstellbaren Tisch, einen ergonomischen B\u00fcrostuhl und vieles mehr. In unserem famili\u00e4ren Arbeitsklima kannst du deine berufliche Erfahrung weiter ausbauen und das Team aktiv weiterentwickeln.<\/p>\n<h4><strong>Bist du die richtige Person?<\/strong><\/h4>\n<p>Dann freuen wir uns auf deine vollst\u00e4ndigen Bewerbungsunterlagen! Sende dein Motivationsschreiben, deinen Lebenslauf, Diplome und Zeugnisse an info@eigenmann.ch. Wir freuen uns auf eine spannende Zusammenarbeit!<\/p>\t\t\t\t\t\t\t\t<\/div>\n\t\t\t\t<\/div>\n\t\t\t\t\t<\/div>\n\t\t<\/div>\n\t\t\t\t\t<\/div>\n\t\t<\/section>\n\t\t\t\t<\/div>\n\t\t","protected":false},"excerpt":{"rendered":"<p>Offene Stellen Sie sind auf der Suche nach einer neuen Herausforderung?Wir freuen uns \u00fcber Ihre Bewerbung oder Ihren Anruf Elektroinstallateur*in EFZ (80%-100%) \u2013 Werde Teil der Karl Eigenmann AGin Gossau SG Du packst gerne an, arbeitest sorgf\u00e4ltig und suchst ein Umfeld, in dem man deine Arbeit wirklich sch\u00e4tzt? Dann bist du bei uns richtig. Bei [&hellip;]<\/p>\n","protected":false},"author":1,"featured_media":0,"parent":0,"menu_order":0,"comment_status":"closed","ping_status":"closed","template":"","meta":{"ocean_post_layout":"","ocean_both_sidebars_style":"","ocean_both_sidebars_content_width":0,"ocean_both_sidebars_sidebars_width":0,"ocean_sidebar":"0","ocean_second_sidebar":"0","ocean_disable_margins":"enable","ocean_add_body_class":"","ocean_shortcode_before_top_bar":"","ocean_shortcode_after_top_bar":"","ocean_shortcode_before_header":"","ocean_shortcode_after_header":"","ocean_has_shortcode":"","ocean_shortcode_after_title":"","ocean_shortcode_before_footer_widgets":"","ocean_shortcode_after_footer_widgets":"","ocean_shortcode_before_footer_bottom":"","ocean_shortcode_after_footer_bottom":"","ocean_display_top_bar":"default","ocean_display_header":"default","ocean_header_style":"","ocean_center_header_left_menu":"0","ocean_custom_header_template":"0","ocean_custom_logo":0,"ocean_custom_retina_logo":0,"ocean_custom_logo_max_width":0,"ocean_custom_logo_tablet_max_width":0,"ocean_custom_logo_mobile_max_width":0,"ocean_custom_logo_max_height":0,"ocean_custom_logo_tablet_max_height":0,"ocean_custom_logo_mobile_max_height":0,"ocean_header_custom_menu":"0","ocean_menu_typo_font_family":"0","ocean_menu_typo_font_subset":"","ocean_menu_typo_font_size":0,"ocean_menu_typo_font_size_tablet":0,"ocean_menu_typo_font_size_mobile":0,"ocean_menu_typo_font_size_unit":"px","ocean_menu_typo_font_weight":"","ocean_menu_typo_font_weight_tablet":"","ocean_menu_typo_font_weight_mobile":"","ocean_menu_typo_transform":"","ocean_menu_typo_transform_tablet":"","ocean_menu_typo_transform_mobile":"","ocean_menu_typo_line_height":0,"ocean_menu_typo_line_height_tablet":0,"ocean_menu_typo_line_height_mobile":0,"ocean_menu_typo_line_height_unit":"","ocean_menu_typo_spacing":0,"ocean_menu_typo_spacing_tablet":0,"ocean_menu_typo_spacing_mobile":0,"ocean_menu_typo_spacing_unit":"","ocean_menu_link_color":"","ocean_menu_link_color_hover":"","ocean_menu_link_color_active":"","ocean_menu_link_background":"","ocean_menu_link_hover_background":"","ocean_menu_link_active_background":"","ocean_menu_social_links_bg":"","ocean_menu_social_hover_links_bg":"","ocean_menu_social_links_color":"","ocean_menu_social_hover_links_color":"","ocean_disable_title":"default","ocean_disable_heading":"default","ocean_post_title":"","ocean_post_subheading":"","ocean_post_title_style":"","ocean_post_title_background_color":"","ocean_post_title_background":0,"ocean_post_title_bg_image_position":"","ocean_post_title_bg_image_attachment":"","ocean_post_title_bg_image_repeat":"","ocean_post_title_bg_image_size":"","ocean_post_title_height":0,"ocean_post_title_bg_overlay":0.5,"ocean_post_title_bg_overlay_color":"","ocean_disable_breadcrumbs":"default","ocean_breadcrumbs_color":"","ocean_breadcrumbs_separator_color":"","ocean_breadcrumbs_links_color":"","ocean_breadcrumbs_links_hover_color":"","ocean_display_footer_widgets":"default","ocean_display_footer_bottom":"default","ocean_custom_footer_template":"0","footnotes":""},"class_list":["post-118","page","type-page","status-publish","hentry","entry"],"_links":{"self":[{"href":"https:\/\/eigenmann.ch\/index.php?rest_route=\/wp\/v2\/pages\/118","targetHints":{"allow":["GET"]}}],"collection":[{"href":"https:\/\/eigenmann.ch\/index.php?rest_route=\/wp\/v2\/pages"}],"about":[{"href":"https:\/\/eigenmann.ch\/index.php?rest_route=\/wp\/v2\/types\/page"}],"author":[{"embeddable":true,"href":"https:\/\/eigenmann.ch\/index.php?rest_route=\/wp\/v2\/users\/1"}],"replies":[{"embeddable":true,"href":"https:\/\/eigenmann.ch\/index.php?rest_route=%2Fwp%2Fv2%2Fcomments&post=118"}],"version-history":[{"count":46,"href":"https:\/\/eigenmann.ch\/index.php?rest_route=\/wp\/v2\/pages\/118\/revisions"}],"predecessor-version":[{"id":1258,"href":"https:\/\/eigenmann.ch\/index.php?rest_route=\/wp\/v2\/pages\/118\/revisions\/1258"}],"wp:attachment":[{"href":"https:\/\/eigenmann.ch\/index.php?rest_route=%2Fwp%2Fv2%2Fmedia&parent=118"}],"curies":[{"name":"wp","href":"https:\/\/api.w.org\/{rel}","templated":true}]}}