{"id":113,"date":"2019-10-09T11:04:39","date_gmt":"2019-10-09T11:04:39","guid":{"rendered":"https:\/\/eigenmann.ch\/?page_id=113"},"modified":"2020-12-10T13:31:13","modified_gmt":"2020-12-10T13:31:13","slug":"elektroinstallationen","status":"publish","type":"page","link":"https:\/\/eigenmann.ch\/?page_id=113","title":{"rendered":"Elektroinstallationen"},"content":{"rendered":"\t\t<div data-elementor-type=\"wp-page\" data-elementor-id=\"113\" class=\"elementor elementor-113\">\n\t\t\t\t\t\t<section class=\"elementor-section elementor-top-section elementor-element elementor-element-1df3b366 elementor-section-boxed elementor-section-height-default elementor-section-height-default\" data-id=\"1df3b366\" data-element_type=\"section\" data-e-type=\"section\">\n\t\t\t\t\t\t<div class=\"elementor-container elementor-column-gap-default\">\n\t\t\t\t\t<div class=\"elementor-column elementor-col-100 elementor-top-column elementor-element elementor-element-37cc84de\" data-id=\"37cc84de\" data-element_type=\"column\" data-e-type=\"column\">\n\t\t\t<div class=\"elementor-widget-wrap elementor-element-populated\">\n\t\t\t\t\t\t<div class=\"elementor-element elementor-element-58fff4bd elementor-widget elementor-widget-text-editor\" data-id=\"58fff4bd\" data-element_type=\"widget\" data-e-type=\"widget\" data-widget_type=\"text-editor.default\">\n\t\t\t\t<div class=\"elementor-widget-container\">\n\t\t\t\t\t\t\t\t\t<p><span style=\"font-size: 14px;\"><br \/>Wenn \u00a0es um Elektroinstallationen in Ihrem Heim geht, \u00fcberlassen Sie die Ausf\u00fchrung dem Fachmann.<br \/><\/span><span style=\"font-size: 14px;\">Wir sorgen f\u00fcr eine optimale und sichere Installation.<\/span><\/p><div><div><b>Elektroinstallation:<\/b><\/div><div>Egal ob Neu- oder Umbau, ob Einfamilienhaus oder Industrie, w<span class=\"fs11\">ir haben die Fachleute und jahrzehntelange Erfahrung<\/span><span class=\"fs11\">!<\/span><\/div><div>\u00a0<\/div><div><b>Service:<\/b><\/div><div>Kleininstallationen, Leuchtenmontage, St\u00f6rungsbehebung auch ausserhalb der Gesch\u00e4fts\u00f6ffnungszeiten.<\/div><div><p>Unser Serviceteam l\u00f6st alle Aufgaben rasch und zu Ihrer vollsten Zufriedenheit!<\/p><p><b>Hausautomation:<\/b><br \/>F\u00fcr h\u00f6chste Anspr\u00fcche realisieren unsere Profis Ihnen eine Hausautomation. Damit steuern Sie Beleuchtung, Beschattung, und fast alles was Sie w\u00fcnschen, bequem von einem \u00fcbersichtlichen Bedienpanel, Tablet, Smartphone oder nat\u00fcrlich \u00fcber einen Schalter im Raum.<\/p><div>Alle Fenster zu? Licht gel\u00f6scht? Mit einem Fernzugriff auf Ihre Hausautomation, k\u00f6nnen Sie Ihr Geb\u00e4ude von \u00fcberall aus kontrollieren und steuern.\u00a0<span style=\"font-size: 14px;\">Wir installieren f\u00fcr Sie diverse Systeme von f\u00fchrenden Anbietern.<\/span><\/div><div><span style=\"font-size: 14px;\">\u00a0<\/span><\/div><\/div><\/div>\t\t\t\t\t\t\t\t<\/div>\n\t\t\t\t<\/div>\n\t\t\t\t\t<\/div>\n\t\t<\/div>\n\t\t\t\t\t<\/div>\n\t\t<\/section>\n\t\t\t\t<section class=\"elementor-section elementor-top-section elementor-element elementor-element-d20dbbe elementor-section-boxed elementor-section-height-default elementor-section-height-default\" data-id=\"d20dbbe\" data-element_type=\"section\" data-e-type=\"section\">\n\t\t\t\t\t\t<div class=\"elementor-container elementor-column-gap-default\">\n\t\t\t\t\t<div class=\"elementor-column elementor-col-33 elementor-top-column elementor-element elementor-element-1d77bbf\" data-id=\"1d77bbf\" data-element_type=\"column\" data-e-type=\"column\">\n\t\t\t<div class=\"elementor-widget-wrap elementor-element-populated\">\n\t\t\t\t\t\t\t<\/div>\n\t\t<\/div>\n\t\t\t\t<div class=\"elementor-column elementor-col-33 elementor-top-column elementor-element elementor-element-a69bccd\" data-id=\"a69bccd\" data-element_type=\"column\" data-e-type=\"column\">\n\t\t\t<div class=\"elementor-widget-wrap elementor-element-populated\">\n\t\t\t\t\t\t<div class=\"elementor-element elementor-element-20dae58 elementor-widget elementor-widget-image\" data-id=\"20dae58\" data-element_type=\"widget\" data-e-type=\"widget\" data-widget_type=\"image.default\">\n\t\t\t\t<div class=\"elementor-widget-container\">\n\t\t\t\t\t\t\t\t\t\t\t\t\t\t\t<img decoding=\"async\" src=\"https:\/\/eigenmann.ch\/wp-content\/uploads\/elementor\/thumbs\/20190724_215949-scaled-oznu359o6c4549fjetvm2mp6p2eakrc4s7uqf493yc.jpg\" title=\"20190724_215949\" alt=\"20190724_215949\" loading=\"lazy\" \/>\t\t\t\t\t\t\t\t\t\t\t\t\t\t\t<\/div>\n\t\t\t\t<\/div>\n\t\t\t\t\t<\/div>\n\t\t<\/div>\n\t\t\t\t<div class=\"elementor-column elementor-col-33 elementor-top-column elementor-element elementor-element-6d9889a\" data-id=\"6d9889a\" data-element_type=\"column\" data-e-type=\"column\">\n\t\t\t<div class=\"elementor-widget-wrap elementor-element-populated\">\n\t\t\t\t\t\t\t<\/div>\n\t\t<\/div>\n\t\t\t\t\t<\/div>\n\t\t<\/section>\n\t\t\t\t<\/div>\n\t\t","protected":false},"excerpt":{"rendered":"<p>Wenn \u00a0es um Elektroinstallationen in Ihrem Heim geht, \u00fcberlassen Sie die Ausf\u00fchrung dem Fachmann.Wir sorgen f\u00fcr eine optimale und sichere Installation. Elektroinstallation:Egal ob Neu- oder Umbau, ob Einfamilienhaus oder Industrie, wir haben die Fachleute und jahrzehntelange Erfahrung!\u00a0Service:Kleininstallationen, Leuchtenmontage, St\u00f6rungsbehebung auch ausserhalb der Gesch\u00e4fts\u00f6ffnungszeiten. Unser Serviceteam l\u00f6st alle Aufgaben rasch und zu Ihrer vollsten Zufriedenheit! Hausautomation:F\u00fcr [&hellip;]<\/p>\n","protected":false},"author":1,"featured_media":0,"parent":0,"menu_order":0,"comment_status":"closed","ping_status":"closed","template":"","meta":{"ocean_post_layout":"","ocean_both_sidebars_style":"","ocean_both_sidebars_content_width":0,"ocean_both_sidebars_sidebars_width":0,"ocean_sidebar":"0","ocean_second_sidebar":"0","ocean_disable_margins":"enable","ocean_add_body_class":"","ocean_shortcode_before_top_bar":"","ocean_shortcode_after_top_bar":"","ocean_shortcode_before_header":"","ocean_shortcode_after_header":"","ocean_has_shortcode":"","ocean_shortcode_after_title":"","ocean_shortcode_before_footer_widgets":"","ocean_shortcode_after_footer_widgets":"","ocean_shortcode_before_footer_bottom":"","ocean_shortcode_after_footer_bottom":"","ocean_display_top_bar":"default","ocean_display_header":"default","ocean_header_style":"","ocean_center_header_left_menu":"0","ocean_custom_header_template":"0","ocean_custom_logo":0,"ocean_custom_retina_logo":0,"ocean_custom_logo_max_width":0,"ocean_custom_logo_tablet_max_width":0,"ocean_custom_logo_mobile_max_width":0,"ocean_custom_logo_max_height":0,"ocean_custom_logo_tablet_max_height":0,"ocean_custom_logo_mobile_max_height":0,"ocean_header_custom_menu":"0","ocean_menu_typo_font_family":"0","ocean_menu_typo_font_subset":"","ocean_menu_typo_font_size":0,"ocean_menu_typo_font_size_tablet":0,"ocean_menu_typo_font_size_mobile":0,"ocean_menu_typo_font_size_unit":"px","ocean_menu_typo_font_weight":"","ocean_menu_typo_font_weight_tablet":"","ocean_menu_typo_font_weight_mobile":"","ocean_menu_typo_transform":"","ocean_menu_typo_transform_tablet":"","ocean_menu_typo_transform_mobile":"","ocean_menu_typo_line_height":0,"ocean_menu_typo_line_height_tablet":0,"ocean_menu_typo_line_height_mobile":0,"ocean_menu_typo_line_height_unit":"","ocean_menu_typo_spacing":0,"ocean_menu_typo_spacing_tablet":0,"ocean_menu_typo_spacing_mobile":0,"ocean_menu_typo_spacing_unit":"","ocean_menu_link_color":"","ocean_menu_link_color_hover":"","ocean_menu_link_color_active":"","ocean_menu_link_background":"","ocean_menu_link_hover_background":"","ocean_menu_link_active_background":"","ocean_menu_social_links_bg":"","ocean_menu_social_hover_links_bg":"","ocean_menu_social_links_color":"#ffc107","ocean_menu_social_hover_links_color":"#ffc107","ocean_disable_title":"default","ocean_disable_heading":"default","ocean_post_title":"","ocean_post_subheading":"","ocean_post_title_style":"","ocean_post_title_background_color":"","ocean_post_title_background":0,"ocean_post_title_bg_image_position":"","ocean_post_title_bg_image_attachment":"","ocean_post_title_bg_image_repeat":"","ocean_post_title_bg_image_size":"","ocean_post_title_height":0,"ocean_post_title_bg_overlay":0.5,"ocean_post_title_bg_overlay_color":"","ocean_disable_breadcrumbs":"default","ocean_breadcrumbs_color":"","ocean_breadcrumbs_separator_color":"","ocean_breadcrumbs_links_color":"","ocean_breadcrumbs_links_hover_color":"","ocean_display_footer_widgets":"default","ocean_display_footer_bottom":"default","ocean_custom_footer_template":"0","footnotes":""},"class_list":["post-113","page","type-page","status-publish","hentry","entry"],"_links":{"self":[{"href":"https:\/\/eigenmann.ch\/index.php?rest_route=\/wp\/v2\/pages\/113","targetHints":{"allow":["GET"]}}],"collection":[{"href":"https:\/\/eigenmann.ch\/index.php?rest_route=\/wp\/v2\/pages"}],"about":[{"href":"https:\/\/eigenmann.ch\/index.php?rest_route=\/wp\/v2\/types\/page"}],"author":[{"embeddable":true,"href":"https:\/\/eigenmann.ch\/index.php?rest_route=\/wp\/v2\/users\/1"}],"replies":[{"embeddable":true,"href":"https:\/\/eigenmann.ch\/index.php?rest_route=%2Fwp%2Fv2%2Fcomments&post=113"}],"version-history":[{"count":27,"href":"https:\/\/eigenmann.ch\/index.php?rest_route=\/wp\/v2\/pages\/113\/revisions"}],"predecessor-version":[{"id":632,"href":"https:\/\/eigenmann.ch\/index.php?rest_route=\/wp\/v2\/pages\/113\/revisions\/632"}],"wp:attachment":[{"href":"https:\/\/eigenmann.ch\/index.php?rest_route=%2Fwp%2Fv2%2Fmedia&parent=113"}],"curies":[{"name":"wp","href":"https:\/\/api.w.org\/{rel}","templated":true}]}}